{"id":29218,"date":"2019-06-24T09:37:11","date_gmt":"2019-06-24T07:37:11","guid":{"rendered":"https:\/\/www.lunamellistravel.hr\/?page_id=29218"},"modified":"2019-07-25T16:55:04","modified_gmt":"2019-07-25T14:55:04","slug":"blog","status":"publish","type":"page","link":"https:\/\/www.lunamellistravel.hr\/hr\/blog\/","title":{"rendered":"Blog"},"content":{"rendered":"<p>[vc_row css=&#8221;.vc_custom_1561361880669{padding-top: 90px !important;}&#8221;][vc_column]<div id=\"fullwidth-block-69e3902dcf60d\" class=\"fullwidth-block clearfix\"  style=\"\"><script type=\"text\/javascript\">if (typeof(gem_fix_fullwidth_position) == \"function\") { gem_fix_fullwidth_position(document.getElementById(\"fullwidth-block-69e3902dcf60d\")); }<\/script><div class=\"fullwidth-block-inner\"><div class=\"container\"><div class=\"blog blog-style-default clearfix item-animation-move-up\" data-next-page=\"0\">\n<article id=\"post-28994\" class=\"item-animations-not-inited post-28994 post type-post status-publish format-image has-post-thumbnail category-luna-mellis-travel-blog post_format-post-format-image\"> <div class=\"item-post-container\"> <div class=\"item-post clearfix\"> <div class=\"post-image\"><div class=\"post-featured-content\"><a href=\"https:\/\/www.lunamellistravel.hr\/hr\/luna-mellis-travel-blog\/zasto-vjencanja-u-inozemstvu\/\"> <picture> <img src=\"https:\/\/www.lunamellistravel.hr\/wp-content\/uploads\/2019\/06\/blog-009-bw-thegem-blog-default-large.jpg\" width=\"1170\" height=\"540\" class=\"img-responsive\" alt=\"blog-009-bw\" \/> <\/picture> <\/a><\/div><\/div> <div class=\"post-meta date-color\"> <div class=\"entry-meta clearfix gem-post-date\"> <div class=\"post-meta-right\"> <span class=\"post-meta-likes\"><a href=\"#\" class=\"zilla-likes\" id=\"zilla-likes-28994\" title=\"Like this\"><span class=\"zilla-likes-count\">10<\/span> <span class=\"zilla-likes-postfix\"><\/span><\/a><\/span> <\/div> <div class=\"post-meta-left\"> <span class=\"post-meta-categories\"><a href=\"https:\/\/www.lunamellistravel.hr\/hr\/category\/luna-mellis-travel-blog\/\" title=\"View all posts in Luna Mellis Travel Blog\">Luna Mellis Travel Blog<\/a><\/span> <\/div> <\/div><!-- .entry-meta --> <\/div> <div class=\"post-title\"> <h3 class=\"entry-title\"><a href=\"https:\/\/www.lunamellistravel.hr\/hr\/luna-mellis-travel-blog\/zasto-vjencanja-u-inozemstvu\/\" rel=\"bookmark\"><span class=\"light\">Za\u0161to vjen\u010danja u inozemstvu<\/span><\/a><\/h3> <\/div> <div class=\"post-text\"> <div class=\"summary\"> <p>Sve je vi\u0161e parova iz Hrvatske i regije koji \u017eele izbje\u0107i velika konvencionalna vjen\u010danja i odletjeti na neki tropski otok ili u omiljenu europsku prijestolnicu, te spojiti neobi\u010dno vjen\u010danje s bra\u010dnim putovanjem, a \u0161arenilo destinacija je doista bogato, kao i povoljne cijene aran\u017emana putovanja na takve destinacije.<\/p> <\/div> <\/div> <div class=\"post-footer\"> <div class=\"post-footer-sharing\"><div class=\"gem-button-container gem-button-position-inline\"><a class=\"gem-button gem-button-size-tiny gem-button-style-flat gem-button-text-weight-normal gem-button-empty\" style=\"border-radius: 3px;\" onmouseleave=\"\" onmouseenter=\"\" href=\"#\" target=\"_self\"><i class=\"gem-print-icon gem-icon-pack-thegem-icons gem-icon-share\"><\/i><\/a><\/div> <div class=\"sharing-popup\">\n<div class=\"socials-sharing socials socials-colored-hover \"> <a class=\"socials-item\" target=\"_blank\" href=\"https:\/\/www.facebook.com\/sharer\/sharer.php?u=https%3A%2F%2Fwww.lunamellistravel.hr%2Fhr%2Fluna-mellis-travel-blog%2Fzasto-vjencanja-u-inozemstvu%2F\" title=\"Facebook\"><i class=\"socials-item-icon facebook\"><\/i><\/a> <a class=\"socials-item\" target=\"_blank\" href=\"https:\/\/twitter.com\/intent\/tweet?text=Za%C5%A1to+vjen%C4%8Danja+u+inozemstvu&#038;url=https%3A%2F%2Fwww.lunamellistravel.hr%2Fhr%2Fluna-mellis-travel-blog%2Fzasto-vjencanja-u-inozemstvu%2F\" title=\"Twitter\"><i class=\"socials-item-icon twitter\"><\/i><\/a> <a class=\"socials-item\" target=\"_blank\" href=\"https:\/\/plus.google.com\/share?url=https%3A%2F%2Fwww.lunamellistravel.hr%2Fhr%2Fluna-mellis-travel-blog%2Fzasto-vjencanja-u-inozemstvu%2F\" title=\"Google Plus\"><i class=\"socials-item-icon google-plus\"><\/i><\/a> <a class=\"socials-item\" target=\"_blank\" href=\"https:\/\/pinterest.com\/pin\/create\/button\/?url=https%3A%2F%2Fwww.lunamellistravel.hr%2Fhr%2Fluna-mellis-travel-blog%2Fzasto-vjencanja-u-inozemstvu%2F&#038;description=Za%C5%A1to+vjen%C4%8Danja+u+inozemstvu&#038;media=https%3A%2F%2Fwww.lunamellistravel.hr%2Fwp-content%2Fuploads%2F2019%2F06%2Fblog-009-bw-thegem-blog-timeline-large.jpg\" title=\"Pinterest\"><i class=\"socials-item-icon pinterest\"><\/i><\/a> <a class=\"socials-item\" target=\"_blank\" href=\"http:\/\/tumblr.com\/widgets\/share\/tool?canonicalUrl=https%3A%2F%2Fwww.lunamellistravel.hr%2Fhr%2Fluna-mellis-travel-blog%2Fzasto-vjencanja-u-inozemstvu%2F\" title=\"Tumblr\"><i class=\"socials-item-icon tumblr\"><\/i><\/a> <a class=\"socials-item\" target=\"_blank\" href=\"https:\/\/www.linkedin.com\/shareArticle?mini=true&#038;url=https%3A%2F%2Fwww.lunamellistravel.hr%2Fhr%2Fluna-mellis-travel-blog%2Fzasto-vjencanja-u-inozemstvu%2F&#038;title=Za%C5%A1to+vjen%C4%8Danja+u+inozemstvu&amp;summary=Sve+je+vi%C5%A1e+parova+iz+Hrvatske+i+regije+koji+%C5%BEele+izbje%C4%87i+velika+konvencionalna+vjen%C4%8Danja+i+odletjeti+na+neki+tropski+otok+ili+u+omiljenu+europsku+prijestolnicu%2C+te+spojiti+neobi%C4%8Dno+vjen%C4%8Danje+s+bra%C4%8Dnim+putovanjem%2C+a+%C5%A1arenilo+destinacija+je+doista+bogato%2C+kao+i+povoljne+cijene+aran%C5%BEmana+putovanja+na+takve+destinacije.\" title=\"LinkedIn\"><i class=\"socials-item-icon linkedin\"><\/i><\/a> <a class=\"socials-item\" target=\"_blank\" href=\"https:\/\/www.reddit.com\/submit?url=https%3A%2F%2Fwww.lunamellistravel.hr%2Fhr%2Fluna-mellis-travel-blog%2Fzasto-vjencanja-u-inozemstvu%2F&#038;title=Za%C5%A1to+vjen%C4%8Danja+u+inozemstvu\" title=\"Reddit\"><i class=\"socials-item-icon reddit\"><\/i><\/a>\n<\/div>\n<svg class=\"sharing-styled-arrow\"><use xlink:href=\"https:\/\/www.lunamellistravel.hr\/wp-content\/themes\/lunamellistravel\/css\/post-arrow.svg#dec-post-arrow\"><\/use><\/svg><\/div><\/div> <div class=\"post-read-more\"><div class=\"gem-button-container gem-button-position-inline\"><a class=\"gem-button gem-button-size-tiny gem-button-style-outline gem-button-text-weight-normal gem-button-border-2\" style=\"border-radius: 3px;\" onmouseleave=\"\" onmouseenter=\"\" href=\"https:\/\/www.lunamellistravel.hr\/hr\/luna-mellis-travel-blog\/zasto-vjencanja-u-inozemstvu\/\" target=\"_self\">Pro\u010ditajte vi\u0161e<\/a><\/div> <\/div> <\/div> <\/div> <\/div> <\/article><!-- #post-28994 -->\n<\/div><\/div><\/div><\/div>[\/vc_column][\/vc_row][vc_row][vc_column][vc_column_text]<\/p>\n<p>[\/vc_column_text][\/vc_column][\/vc_row]<\/p>\n","protected":false},"excerpt":{"rendered":"<p>[vc_row css=&#8221;.vc_custom_1561361880669{padding-top: 90px !important;}&#8221;][vc_column][\/vc_column][\/vc_row][vc_row][vc_column][vc_column_text] [\/vc_column_text][\/vc_column][\/vc_row]<\/p>\n","protected":false},"author":1,"featured_media":0,"parent":0,"menu_order":0,"comment_status":"closed","ping_status":"closed","template":"","meta":[],"yoast_head":"<!-- This site is optimized with the Yoast SEO plugin v18.1 - https:\/\/yoast.com\/wordpress\/plugins\/seo\/ -->\n<title>Blog - Luna Mellis Travel<\/title>\n<meta name=\"description\" content=\"Luna Mellis Travel blog za vjen\u010danja s iznimnim osobnim stilom uz najbolje od turizma, luksuznog medenog mejseca i destinacija vjen\u010danja.\" \/>\n<meta name=\"robots\" content=\"index, follow, max-snippet:-1, max-image-preview:large, max-video-preview:-1\" \/>\n<link rel=\"canonical\" href=\"https:\/\/www.lunamellistravel.hr\/blog\/\" \/>\n<meta property=\"og:locale\" content=\"hr_HR\" \/>\n<meta property=\"og:type\" content=\"article\" \/>\n<meta property=\"og:title\" content=\"{:en}Blog{:}{:hr}Blog{:} - Luna Mellis Travel\" \/>\n<meta property=\"og:description\" content=\"{:en}Luna Mellis Travel wedding blog for brides with extraordinary personal style! Featuring the best of of tourism, luxury honeymoons and destination weddings.{:}{:hr}Luna Mellis Travel blog za vjen\u010danja s iznimnim osobnim stilom uz najbolje od turizma, luksuznog medenog mejseca i destinacija vjen\u010danja.{:}\" \/>\n<meta property=\"og:url\" content=\"https:\/\/www.lunamellistravel.hr\/blog\/\" \/>\n<meta property=\"og:site_name\" content=\"Luna Mellis Travel\" \/>\n<meta property=\"article:publisher\" content=\"http:\/\/www.facebook.com\/lunamellis\" \/>\n<meta property=\"article:modified_time\" content=\"2019-07-25T14:55:04+00:00\" \/>\n<meta property=\"og:image\" content=\"https:\/\/www.lunamellistravel.hr\/wp-content\/uploads\/2019\/07\/luna-mellis-travel-island-blog.jpg\" \/>\n\t<meta property=\"og:image:width\" content=\"1200\" \/>\n\t<meta property=\"og:image:height\" content=\"630\" \/>\n\t<meta property=\"og:image:type\" content=\"image\/jpeg\" \/>\n<meta name=\"twitter:card\" content=\"summary_large_image\" \/>\n<meta name=\"twitter:image\" content=\"https:\/\/www.lunamellistravel.hr\/wp-content\/uploads\/2019\/07\/luna-mellis-travel-island-blog-twitter.jpg\" \/>\n<script type=\"application\/ld+json\" class=\"yoast-schema-graph\">{\"@context\":\"https:\/\/schema.org\",\"@graph\":[{\"@type\":\"Organization\",\"@id\":\"https:\/\/www.lunamellistravel.hr\/#organization\",\"name\":\"Luna Mellis Travel\",\"url\":\"https:\/\/www.lunamellistravel.hr\/\",\"sameAs\":[\"http:\/\/www.facebook.com\/lunamellis\",\"http:\/\/instagram.com\/lunamellis\",\"http:\/\/youtube.com\/channel\/UC_ebbrv8-RH2ZbZW1I8VSLQ\"],\"logo\":{\"@type\":\"ImageObject\",\"@id\":\"https:\/\/www.lunamellistravel.hr\/#logo\",\"inLanguage\":\"hr-HR\",\"url\":\"https:\/\/www.lunamellistravel.hr\/wp-content\/uploads\/2019\/06\/logo.png\",\"contentUrl\":\"https:\/\/www.lunamellistravel.hr\/wp-content\/uploads\/2019\/06\/logo.png\",\"width\":494,\"height\":251,\"caption\":\"Luna Mellis Travel\"},\"image\":{\"@id\":\"https:\/\/www.lunamellistravel.hr\/#logo\"}},{\"@type\":\"WebSite\",\"@id\":\"https:\/\/www.lunamellistravel.hr\/#website\",\"url\":\"https:\/\/www.lunamellistravel.hr\/\",\"name\":\"Luna Mellis Travel\",\"description\":\"Boutique Travel Agency\",\"publisher\":{\"@id\":\"https:\/\/www.lunamellistravel.hr\/#organization\"},\"potentialAction\":[{\"@type\":\"SearchAction\",\"target\":{\"@type\":\"EntryPoint\",\"urlTemplate\":\"https:\/\/www.lunamellistravel.hr\/?s={search_term_string}\"},\"query-input\":\"required name=search_term_string\"}],\"inLanguage\":\"hr-HR\"},{\"@type\":\"ImageObject\",\"@id\":\"https:\/\/www.lunamellistravel.hr\/blog\/#primaryimage\",\"inLanguage\":\"hr-HR\",\"url\":\"https:\/\/www.lunamellistravel.hr\/wp-content\/uploads\/2019\/07\/luna-mellis-travel-island-blog.jpg\",\"contentUrl\":\"https:\/\/www.lunamellistravel.hr\/wp-content\/uploads\/2019\/07\/luna-mellis-travel-island-blog.jpg\",\"width\":1200,\"height\":630},{\"@type\":\"WebPage\",\"@id\":\"https:\/\/www.lunamellistravel.hr\/blog\/#webpage\",\"url\":\"https:\/\/www.lunamellistravel.hr\/blog\/\",\"name\":\"{:en}Blog{:}{:hr}Blog{:} - Luna Mellis Travel\",\"isPartOf\":{\"@id\":\"https:\/\/www.lunamellistravel.hr\/#website\"},\"datePublished\":\"2019-06-24T07:37:11+00:00\",\"dateModified\":\"2019-07-25T14:55:04+00:00\",\"description\":\"{:en}Luna Mellis Travel wedding blog for brides with extraordinary personal style! Featuring the best of of tourism, luxury honeymoons and destination weddings.{:}{:hr}Luna Mellis Travel blog za vjen\u010danja s iznimnim osobnim stilom uz najbolje od turizma, luksuznog medenog mejseca i destinacija vjen\u010danja.{:}\",\"breadcrumb\":{\"@id\":\"https:\/\/www.lunamellistravel.hr\/blog\/#breadcrumb\"},\"inLanguage\":\"hr-HR\",\"potentialAction\":[{\"@type\":\"ReadAction\",\"target\":[\"https:\/\/www.lunamellistravel.hr\/blog\/\"]}]},{\"@type\":\"BreadcrumbList\",\"@id\":\"https:\/\/www.lunamellistravel.hr\/blog\/#breadcrumb\",\"itemListElement\":[{\"@type\":\"ListItem\",\"position\":1,\"name\":\"Home\",\"item\":\"https:\/\/www.lunamellistravel.hr\/\"},{\"@type\":\"ListItem\",\"position\":2,\"name\":\"Blog\"}]}]}<\/script>\n<!-- \/ Yoast SEO plugin. -->","yoast_head_json":{"title":"Blog - Luna Mellis Travel","description":"Luna Mellis Travel blog za vjen\u010danja s iznimnim osobnim stilom uz najbolje od turizma, luksuznog medenog mejseca i destinacija vjen\u010danja.","robots":{"index":"index","follow":"follow","max-snippet":"max-snippet:-1","max-image-preview":"max-image-preview:large","max-video-preview":"max-video-preview:-1"},"canonical":"https:\/\/www.lunamellistravel.hr\/blog\/","og_locale":"hr_HR","og_type":"article","og_title":"{:en}Blog{:}{:hr}Blog{:} - Luna Mellis Travel","og_description":"{:en}Luna Mellis Travel wedding blog for brides with extraordinary personal style! Featuring the best of of tourism, luxury honeymoons and destination weddings.{:}{:hr}Luna Mellis Travel blog za vjen\u010danja s iznimnim osobnim stilom uz najbolje od turizma, luksuznog medenog mejseca i destinacija vjen\u010danja.{:}","og_url":"https:\/\/www.lunamellistravel.hr\/blog\/","og_site_name":"Luna Mellis Travel","article_publisher":"http:\/\/www.facebook.com\/lunamellis","article_modified_time":"2019-07-25T14:55:04+00:00","og_image":[{"width":1200,"height":630,"url":"https:\/\/www.lunamellistravel.hr\/wp-content\/uploads\/2019\/07\/luna-mellis-travel-island-blog.jpg","type":"image\/jpeg"}],"twitter_card":"summary_large_image","twitter_image":"https:\/\/www.lunamellistravel.hr\/wp-content\/uploads\/2019\/07\/luna-mellis-travel-island-blog-twitter.jpg","schema":{"@context":"https:\/\/schema.org","@graph":[{"@type":"Organization","@id":"https:\/\/www.lunamellistravel.hr\/#organization","name":"Luna Mellis Travel","url":"https:\/\/www.lunamellistravel.hr\/","sameAs":["http:\/\/www.facebook.com\/lunamellis","http:\/\/instagram.com\/lunamellis","http:\/\/youtube.com\/channel\/UC_ebbrv8-RH2ZbZW1I8VSLQ"],"logo":{"@type":"ImageObject","@id":"https:\/\/www.lunamellistravel.hr\/#logo","inLanguage":"hr-HR","url":"https:\/\/www.lunamellistravel.hr\/wp-content\/uploads\/2019\/06\/logo.png","contentUrl":"https:\/\/www.lunamellistravel.hr\/wp-content\/uploads\/2019\/06\/logo.png","width":494,"height":251,"caption":"Luna Mellis Travel"},"image":{"@id":"https:\/\/www.lunamellistravel.hr\/#logo"}},{"@type":"WebSite","@id":"https:\/\/www.lunamellistravel.hr\/#website","url":"https:\/\/www.lunamellistravel.hr\/","name":"Luna Mellis Travel","description":"Boutique Travel Agency","publisher":{"@id":"https:\/\/www.lunamellistravel.hr\/#organization"},"potentialAction":[{"@type":"SearchAction","target":{"@type":"EntryPoint","urlTemplate":"https:\/\/www.lunamellistravel.hr\/?s={search_term_string}"},"query-input":"required name=search_term_string"}],"inLanguage":"hr-HR"},{"@type":"ImageObject","@id":"https:\/\/www.lunamellistravel.hr\/blog\/#primaryimage","inLanguage":"hr-HR","url":"https:\/\/www.lunamellistravel.hr\/wp-content\/uploads\/2019\/07\/luna-mellis-travel-island-blog.jpg","contentUrl":"https:\/\/www.lunamellistravel.hr\/wp-content\/uploads\/2019\/07\/luna-mellis-travel-island-blog.jpg","width":1200,"height":630},{"@type":"WebPage","@id":"https:\/\/www.lunamellistravel.hr\/blog\/#webpage","url":"https:\/\/www.lunamellistravel.hr\/blog\/","name":"{:en}Blog{:}{:hr}Blog{:} - Luna Mellis Travel","isPartOf":{"@id":"https:\/\/www.lunamellistravel.hr\/#website"},"datePublished":"2019-06-24T07:37:11+00:00","dateModified":"2019-07-25T14:55:04+00:00","description":"{:en}Luna Mellis Travel wedding blog for brides with extraordinary personal style! Featuring the best of of tourism, luxury honeymoons and destination weddings.{:}{:hr}Luna Mellis Travel blog za vjen\u010danja s iznimnim osobnim stilom uz najbolje od turizma, luksuznog medenog mejseca i destinacija vjen\u010danja.{:}","breadcrumb":{"@id":"https:\/\/www.lunamellistravel.hr\/blog\/#breadcrumb"},"inLanguage":"hr-HR","potentialAction":[{"@type":"ReadAction","target":["https:\/\/www.lunamellistravel.hr\/blog\/"]}]},{"@type":"BreadcrumbList","@id":"https:\/\/www.lunamellistravel.hr\/blog\/#breadcrumb","itemListElement":[{"@type":"ListItem","position":1,"name":"Home","item":"https:\/\/www.lunamellistravel.hr\/"},{"@type":"ListItem","position":2,"name":"Blog"}]}]}},"_links":{"self":[{"href":"https:\/\/www.lunamellistravel.hr\/hr\/wp-json\/wp\/v2\/pages\/29218"}],"collection":[{"href":"https:\/\/www.lunamellistravel.hr\/hr\/wp-json\/wp\/v2\/pages"}],"about":[{"href":"https:\/\/www.lunamellistravel.hr\/hr\/wp-json\/wp\/v2\/types\/page"}],"author":[{"embeddable":true,"href":"https:\/\/www.lunamellistravel.hr\/hr\/wp-json\/wp\/v2\/users\/1"}],"replies":[{"embeddable":true,"href":"https:\/\/www.lunamellistravel.hr\/hr\/wp-json\/wp\/v2\/comments?post=29218"}],"version-history":[{"count":7,"href":"https:\/\/www.lunamellistravel.hr\/hr\/wp-json\/wp\/v2\/pages\/29218\/revisions"}],"predecessor-version":[{"id":29472,"href":"https:\/\/www.lunamellistravel.hr\/hr\/wp-json\/wp\/v2\/pages\/29218\/revisions\/29472"}],"wp:attachment":[{"href":"https:\/\/www.lunamellistravel.hr\/hr\/wp-json\/wp\/v2\/media?parent=29218"}],"curies":[{"name":"wp","href":"https:\/\/api.w.org\/{rel}","templated":true}]}}