{"id":29382,"date":"2019-07-04T13:42:44","date_gmt":"2019-07-04T11:42:44","guid":{"rendered":"https:\/\/www.lunamellistravel.hr\/?page_id=29382"},"modified":"2019-07-26T16:09:30","modified_gmt":"2019-07-26T14:09:30","slug":"privacy-policy","status":"publish","type":"page","link":"https:\/\/www.lunamellistravel.hr\/hr\/izjava-o-privatnosti\/","title":{"rendered":"Izjava o privatnosti"},"content":{"rendered":"<p>[vc_row css_animation=&#8221;fadeInUp&#8221; css=&#8221;.vc_custom_1562240185482{padding-top: 90px !important;padding-bottom: 90px !important;}&#8221;][vc_column]<div id=\"fullwidth-block-69e39076aa875\" class=\"fullwidth-block clearfix\"  style=\"\"><script type=\"text\/javascript\">if (typeof(gem_fix_fullwidth_position) == \"function\") { gem_fix_fullwidth_position(document.getElementById(\"fullwidth-block-69e39076aa875\")); }<\/script><div class=\"fullwidth-block-inner\"><div class=\"container\">[vc_row_inner][vc_column_inner width=&#8221;1\/3&#8243;][vc_column_text]Agencija se obvezuje da ne\u0107e zloupotrebljavati osobne podatke prikupljene kod kontakta. Osobnim podacima smatraju se svi podaci kojima se utvr\u0111uje identitet Putnika (ime i prezime, adresa elektronske po\u0161te, broj telefona..) Agencija ne\u0107e dostavljati niti razotkriti osobne podatke Putnika tre\u0107oj osobi, osim u slu\u010dajevima u kojima tako izri\u010dito propisuje zakon te u slu\u010dajevima kada je to potrebno za ispunjenje obveza. Svi podaci o Putniku strogo se \u010duvaju i dostupni su samo djelatnicima kojima su ti podaci nu\u017eni za obavljanje posla.[\/vc_column_text][\/vc_column_inner][vc_column_inner width=&#8221;1\/3&#8243;][vc_column_text]<\/p>\n<p class=\"marginTop\">Svi djelatnici Agencije i poslovni partneri odgovorni su za po\u0161tivanje na\u010dela za\u0161tite privatnosti. Agencija se obvezuje pru\u017eiti za\u0161titu osobnim podacima Putnika na na\u010din da prikuplja samo osnovne podatke o putnicima koji su nu\u017eni za ispunjenje obveza. Podatke koji su pristupom na internetsku stranicu automatski bilje\u017ee, a nisu osobni podaci (vrste pretra\u017eiva\u010da, broj posjeta, vrijeme provedeno na stranicama i sl.) Agencija ima pravo koristiti isklju\u010divo radi ocjene posje\u0107enosti internetske stranice i radi pobolj\u0161anja njezina sadr\u017eaja i funkcionalnosti.<\/p>\n<p>[\/vc_column_text][\/vc_column_inner][vc_column_inner width=&#8221;1\/3&#8243;][vc_column_text]Agencija informira Putnika o na\u010dinu kori\u0161tenja prikupljenih podataka te im redovito daje mogu\u0107nost izbora upotrebe njihovih podataka, uklju\u010duju\u0107i mogu\u0107nost odluke \u017eele li ili ne da se njihovo ime ukloni s popisa koji se koriste za marketin\u0161ke kampanje. Gore navedene odredbe o za\u0161titi osobnih podataka odnose se isklju\u010divo na web stranice Agencije, te na sve stranice unutar navedene domene, a ne na vanjske stranice na koje upu\u0107uje neki link.[\/vc_column_text][\/vc_column_inner][\/vc_row_inner]<\/div><\/div><\/div>[\/vc_column][\/vc_row][vc_row][vc_column][vc_column_text]<\/p>\n<p>[\/vc_column_text][\/vc_column][\/vc_row]<\/p>\n","protected":false},"excerpt":{"rendered":"<p>[vc_row css_animation=&#8221;fadeInUp&#8221; css=&#8221;.vc_custom_1562240185482{padding-top: 90px !important;padding-bottom: 90px !important;}&#8221;][vc_column][\/vc_column][\/vc_row][vc_row][vc_column][vc_column_text] [\/vc_column_text][\/vc_column][\/vc_row]<\/p>\n","protected":false},"author":1,"featured_media":0,"parent":0,"menu_order":0,"comment_status":"closed","ping_status":"closed","template":"","meta":[],"yoast_head":"<!-- This site is optimized with the Yoast SEO plugin v18.1 - https:\/\/yoast.com\/wordpress\/plugins\/seo\/ -->\n<title>Izjava o privatnosti - Luna Mellis Travel<\/title>\n<meta name=\"robots\" content=\"index, follow, max-snippet:-1, max-image-preview:large, max-video-preview:-1\" \/>\n<link rel=\"canonical\" href=\"https:\/\/www.lunamellistravel.hr\/privacy-policy\/\" \/>\n<meta property=\"og:locale\" content=\"hr_HR\" \/>\n<meta property=\"og:type\" content=\"article\" \/>\n<meta property=\"og:title\" content=\"{:en}Privacy policy{:}{:hr}Izjava o privatnosti{:} - Luna Mellis Travel\" \/>\n<meta property=\"og:description\" content=\"[vc_row css_animation=&#8221;fadeInUp&#8221; css=&#8221;.vc_custom_1562240185482{padding-top: 90px !important;padding-bottom: 90px !important;}&#8221;][vc_column][\/vc_column][\/vc_row][vc_row][vc_column][vc_column_text] [\/vc_column_text][\/vc_column][\/vc_row]\" \/>\n<meta property=\"og:url\" content=\"https:\/\/www.lunamellistravel.hr\/privacy-policy\/\" \/>\n<meta property=\"og:site_name\" content=\"Luna Mellis Travel\" \/>\n<meta property=\"article:publisher\" content=\"http:\/\/www.facebook.com\/lunamellis\" \/>\n<meta property=\"article:modified_time\" content=\"2019-07-26T14:09:30+00:00\" \/>\n<meta property=\"og:image\" content=\"https:\/\/www.lunamellistravel.hr\/wp-content\/uploads\/2019\/07\/luna-mellis-travel-main-social.jpg\" \/>\n\t<meta property=\"og:image:width\" content=\"1200\" \/>\n\t<meta property=\"og:image:height\" content=\"630\" \/>\n\t<meta property=\"og:image:type\" content=\"image\/jpeg\" \/>\n<meta name=\"twitter:card\" content=\"summary_large_image\" \/>\n<meta name=\"twitter:label1\" content=\"Est. reading time\" \/>\n\t<meta name=\"twitter:data1\" content=\"2 minutes\" \/>\n<script type=\"application\/ld+json\" class=\"yoast-schema-graph\">{\"@context\":\"https:\/\/schema.org\",\"@graph\":[{\"@type\":\"Organization\",\"@id\":\"https:\/\/www.lunamellistravel.hr\/#organization\",\"name\":\"Luna Mellis Travel\",\"url\":\"https:\/\/www.lunamellistravel.hr\/\",\"sameAs\":[\"http:\/\/www.facebook.com\/lunamellis\",\"http:\/\/instagram.com\/lunamellis\",\"http:\/\/youtube.com\/channel\/UC_ebbrv8-RH2ZbZW1I8VSLQ\"],\"logo\":{\"@type\":\"ImageObject\",\"@id\":\"https:\/\/www.lunamellistravel.hr\/#logo\",\"inLanguage\":\"hr-HR\",\"url\":\"https:\/\/www.lunamellistravel.hr\/wp-content\/uploads\/2019\/06\/logo.png\",\"contentUrl\":\"https:\/\/www.lunamellistravel.hr\/wp-content\/uploads\/2019\/06\/logo.png\",\"width\":494,\"height\":251,\"caption\":\"Luna Mellis Travel\"},\"image\":{\"@id\":\"https:\/\/www.lunamellistravel.hr\/#logo\"}},{\"@type\":\"WebSite\",\"@id\":\"https:\/\/www.lunamellistravel.hr\/#website\",\"url\":\"https:\/\/www.lunamellistravel.hr\/\",\"name\":\"Luna Mellis Travel\",\"description\":\"Boutique Travel Agency\",\"publisher\":{\"@id\":\"https:\/\/www.lunamellistravel.hr\/#organization\"},\"potentialAction\":[{\"@type\":\"SearchAction\",\"target\":{\"@type\":\"EntryPoint\",\"urlTemplate\":\"https:\/\/www.lunamellistravel.hr\/?s={search_term_string}\"},\"query-input\":\"required name=search_term_string\"}],\"inLanguage\":\"hr-HR\"},{\"@type\":\"WebPage\",\"@id\":\"https:\/\/www.lunamellistravel.hr\/privacy-policy\/#webpage\",\"url\":\"https:\/\/www.lunamellistravel.hr\/privacy-policy\/\",\"name\":\"{:en}Privacy policy{:}{:hr}Izjava o privatnosti{:} - Luna Mellis Travel\",\"isPartOf\":{\"@id\":\"https:\/\/www.lunamellistravel.hr\/#website\"},\"datePublished\":\"2019-07-04T11:42:44+00:00\",\"dateModified\":\"2019-07-26T14:09:30+00:00\",\"breadcrumb\":{\"@id\":\"https:\/\/www.lunamellistravel.hr\/privacy-policy\/#breadcrumb\"},\"inLanguage\":\"hr-HR\",\"potentialAction\":[{\"@type\":\"ReadAction\",\"target\":[\"https:\/\/www.lunamellistravel.hr\/privacy-policy\/\"]}]},{\"@type\":\"BreadcrumbList\",\"@id\":\"https:\/\/www.lunamellistravel.hr\/privacy-policy\/#breadcrumb\",\"itemListElement\":[{\"@type\":\"ListItem\",\"position\":1,\"name\":\"Home\",\"item\":\"https:\/\/www.lunamellistravel.hr\/\"},{\"@type\":\"ListItem\",\"position\":2,\"name\":\"Privacy policy\"}]}]}<\/script>\n<!-- \/ Yoast SEO plugin. -->","yoast_head_json":{"title":"Izjava o privatnosti - Luna Mellis Travel","robots":{"index":"index","follow":"follow","max-snippet":"max-snippet:-1","max-image-preview":"max-image-preview:large","max-video-preview":"max-video-preview:-1"},"canonical":"https:\/\/www.lunamellistravel.hr\/privacy-policy\/","og_locale":"hr_HR","og_type":"article","og_title":"{:en}Privacy policy{:}{:hr}Izjava o privatnosti{:} - Luna Mellis Travel","og_description":"[vc_row css_animation=&#8221;fadeInUp&#8221; css=&#8221;.vc_custom_1562240185482{padding-top: 90px !important;padding-bottom: 90px !important;}&#8221;][vc_column][\/vc_column][\/vc_row][vc_row][vc_column][vc_column_text] [\/vc_column_text][\/vc_column][\/vc_row]","og_url":"https:\/\/www.lunamellistravel.hr\/privacy-policy\/","og_site_name":"Luna Mellis Travel","article_publisher":"http:\/\/www.facebook.com\/lunamellis","article_modified_time":"2019-07-26T14:09:30+00:00","og_image":[{"width":1200,"height":630,"url":"https:\/\/www.lunamellistravel.hr\/wp-content\/uploads\/2019\/07\/luna-mellis-travel-main-social.jpg","type":"image\/jpeg"}],"twitter_card":"summary_large_image","twitter_misc":{"Est. reading time":"2 minutes"},"schema":{"@context":"https:\/\/schema.org","@graph":[{"@type":"Organization","@id":"https:\/\/www.lunamellistravel.hr\/#organization","name":"Luna Mellis Travel","url":"https:\/\/www.lunamellistravel.hr\/","sameAs":["http:\/\/www.facebook.com\/lunamellis","http:\/\/instagram.com\/lunamellis","http:\/\/youtube.com\/channel\/UC_ebbrv8-RH2ZbZW1I8VSLQ"],"logo":{"@type":"ImageObject","@id":"https:\/\/www.lunamellistravel.hr\/#logo","inLanguage":"hr-HR","url":"https:\/\/www.lunamellistravel.hr\/wp-content\/uploads\/2019\/06\/logo.png","contentUrl":"https:\/\/www.lunamellistravel.hr\/wp-content\/uploads\/2019\/06\/logo.png","width":494,"height":251,"caption":"Luna Mellis Travel"},"image":{"@id":"https:\/\/www.lunamellistravel.hr\/#logo"}},{"@type":"WebSite","@id":"https:\/\/www.lunamellistravel.hr\/#website","url":"https:\/\/www.lunamellistravel.hr\/","name":"Luna Mellis Travel","description":"Boutique Travel Agency","publisher":{"@id":"https:\/\/www.lunamellistravel.hr\/#organization"},"potentialAction":[{"@type":"SearchAction","target":{"@type":"EntryPoint","urlTemplate":"https:\/\/www.lunamellistravel.hr\/?s={search_term_string}"},"query-input":"required name=search_term_string"}],"inLanguage":"hr-HR"},{"@type":"WebPage","@id":"https:\/\/www.lunamellistravel.hr\/privacy-policy\/#webpage","url":"https:\/\/www.lunamellistravel.hr\/privacy-policy\/","name":"{:en}Privacy policy{:}{:hr}Izjava o privatnosti{:} - Luna Mellis Travel","isPartOf":{"@id":"https:\/\/www.lunamellistravel.hr\/#website"},"datePublished":"2019-07-04T11:42:44+00:00","dateModified":"2019-07-26T14:09:30+00:00","breadcrumb":{"@id":"https:\/\/www.lunamellistravel.hr\/privacy-policy\/#breadcrumb"},"inLanguage":"hr-HR","potentialAction":[{"@type":"ReadAction","target":["https:\/\/www.lunamellistravel.hr\/privacy-policy\/"]}]},{"@type":"BreadcrumbList","@id":"https:\/\/www.lunamellistravel.hr\/privacy-policy\/#breadcrumb","itemListElement":[{"@type":"ListItem","position":1,"name":"Home","item":"https:\/\/www.lunamellistravel.hr\/"},{"@type":"ListItem","position":2,"name":"Privacy policy"}]}]}},"_links":{"self":[{"href":"https:\/\/www.lunamellistravel.hr\/hr\/wp-json\/wp\/v2\/pages\/29382"}],"collection":[{"href":"https:\/\/www.lunamellistravel.hr\/hr\/wp-json\/wp\/v2\/pages"}],"about":[{"href":"https:\/\/www.lunamellistravel.hr\/hr\/wp-json\/wp\/v2\/types\/page"}],"author":[{"embeddable":true,"href":"https:\/\/www.lunamellistravel.hr\/hr\/wp-json\/wp\/v2\/users\/1"}],"replies":[{"embeddable":true,"href":"https:\/\/www.lunamellistravel.hr\/hr\/wp-json\/wp\/v2\/comments?post=29382"}],"version-history":[{"count":3,"href":"https:\/\/www.lunamellistravel.hr\/hr\/wp-json\/wp\/v2\/pages\/29382\/revisions"}],"predecessor-version":[{"id":29484,"href":"https:\/\/www.lunamellistravel.hr\/hr\/wp-json\/wp\/v2\/pages\/29382\/revisions\/29484"}],"wp:attachment":[{"href":"https:\/\/www.lunamellistravel.hr\/hr\/wp-json\/wp\/v2\/media?parent=29382"}],"curies":[{"name":"wp","href":"https:\/\/api.w.org\/{rel}","templated":true}]}}